{"id":172,"date":"2021-09-14T10:00:43","date_gmt":"2021-09-14T15:00:43","guid":{"rendered":"https:\/\/jurikmax.com\/?page_id=172"},"modified":"2021-09-27T14:27:43","modified_gmt":"2021-09-27T19:27:43","slug":"servicios","status":"publish","type":"page","link":"https:\/\/jurikmax.com\/index.php\/servicios\/","title":{"rendered":"Servicios"},"content":{"rendered":"\t\t<div data-elementor-type=\"wp-page\" data-elementor-id=\"172\" class=\"elementor elementor-172\">\n\t\t\t\t\t\t<section class=\"elementor-section elementor-top-section elementor-element elementor-element-781198e elementor-section-boxed elementor-section-height-default elementor-section-height-default\" data-id=\"781198e\" data-element_type=\"section\" data-e-type=\"section\">\n\t\t\t\t\t\t<div class=\"elementor-container elementor-column-gap-default\">\n\t\t\t\t\t<div class=\"elementor-column elementor-col-100 elementor-top-column elementor-element elementor-element-eb03e94\" data-id=\"eb03e94\" data-element_type=\"column\" data-e-type=\"column\">\n\t\t\t<div class=\"elementor-widget-wrap elementor-element-populated\">\n\t\t\t\t\t\t<div class=\"elementor-element elementor-element-24e9464 elementor-widget elementor-widget-animated-headline\" data-id=\"24e9464\" data-element_type=\"widget\" data-e-type=\"widget\" data-widget_type=\"animated-headline.default\">\n\t\t\t\t<div class=\"elementor-widget-container\">\n\t\t\t\t\t \t\t\t\t<\/div>\n\t\t\t\t<\/div>\n\t\t\t\t\t<\/div>\n\t\t<\/div>\n\t\t\t\t\t<\/div>\n\t\t<\/section>\n\t\t\t\t<section class=\"elementor-section elementor-top-section elementor-element elementor-element-10d97f8 elementor-section-boxed elementor-section-height-default elementor-section-height-default\" data-id=\"10d97f8\" data-element_type=\"section\" data-e-type=\"section\" data-settings=\"{&quot;background_background&quot;:&quot;classic&quot;}\">\n\t\t\t\t\t\t<div class=\"elementor-container elementor-column-gap-default\">\n\t\t\t\t\t<div class=\"elementor-column elementor-col-50 elementor-top-column elementor-element elementor-element-f99b1bf\" data-id=\"f99b1bf\" data-element_type=\"column\" data-e-type=\"column\">\n\t\t\t<div class=\"elementor-widget-wrap elementor-element-populated\">\n\t\t\t\t\t\t<div class=\"elementor-element elementor-element-2421833 elementor-widget elementor-widget-image\" data-id=\"2421833\" data-element_type=\"widget\" data-e-type=\"widget\" data-widget_type=\"image.default\">\n\t\t\t\t<div class=\"elementor-widget-container\">\n\t\t\t\t\t\t\t\t\t\t\t\t\t\t\t<img fetchpriority=\"high\" decoding=\"async\" width=\"1024\" height=\"683\" src=\"https:\/\/jurikmax.com\/wp-content\/uploads\/2021\/09\/entrepreneur-working-with-bills-1024x683.jpg\" class=\"attachment-large size-large wp-image-55\" alt=\"\" srcset=\"https:\/\/jurikmax.com\/wp-content\/uploads\/2021\/09\/entrepreneur-working-with-bills-1024x683.jpg 1024w, https:\/\/jurikmax.com\/wp-content\/uploads\/2021\/09\/entrepreneur-working-with-bills-300x200.jpg 300w, https:\/\/jurikmax.com\/wp-content\/uploads\/2021\/09\/entrepreneur-working-with-bills-768x512.jpg 768w, https:\/\/jurikmax.com\/wp-content\/uploads\/2021\/09\/entrepreneur-working-with-bills-1536x1024.jpg 1536w, https:\/\/jurikmax.com\/wp-content\/uploads\/2021\/09\/entrepreneur-working-with-bills-2048x1365.jpg 2048w\" sizes=\"(max-width: 1024px) 100vw, 1024px\" \/>\t\t\t\t\t\t\t\t\t\t\t\t\t\t\t<\/div>\n\t\t\t\t<\/div>\n\t\t\t\t\t<\/div>\n\t\t<\/div>\n\t\t\t\t<div class=\"elementor-column elementor-col-50 elementor-top-column elementor-element elementor-element-9dc9c6e\" data-id=\"9dc9c6e\" data-element_type=\"column\" data-e-type=\"column\">\n\t\t\t<div class=\"elementor-widget-wrap elementor-element-populated\">\n\t\t\t\t\t\t<div class=\"elementor-element elementor-element-23ee9ae elementor-widget elementor-widget-heading\" data-id=\"23ee9ae\" data-element_type=\"widget\" data-e-type=\"widget\" data-widget_type=\"heading.default\">\n\t\t\t\t<div class=\"elementor-widget-container\">\n\t\t\t\t\t<h2 class=\"elementor-heading-title elementor-size-default\">Cobranza Administrativa<\/h2>\t\t\t\t<\/div>\n\t\t\t\t<\/div>\n\t\t\t\t<div class=\"elementor-element elementor-element-35cb4e9 elementor-widget elementor-widget-text-editor\" data-id=\"35cb4e9\" data-element_type=\"widget\" data-e-type=\"widget\" data-widget_type=\"text-editor.default\">\n\t\t\t\t<div class=\"elementor-widget-container\">\n\t\t\t\t\t\t\t\t\t<p>Cuando las cuentas tienen de uno a cuatro pagos vencidos, se efect\u00faa este servicio en un\u00a0 periodo de treinta a sesenta d\u00edas, siempre conservando la buena imagen de nuestro cliente mediante gestiones cordiales e insistiendo que una vez cubierto el adeudo se podr\u00e1 seguir gozando del cr\u00e9dito.<\/p>\t\t\t\t\t\t\t\t<\/div>\n\t\t\t\t<\/div>\n\t\t\t\t\t<\/div>\n\t\t<\/div>\n\t\t\t\t\t<\/div>\n\t\t<\/section>\n\t\t\t\t<section class=\"elementor-section elementor-top-section elementor-element elementor-element-b5f0e39 elementor-section-boxed elementor-section-height-default elementor-section-height-default\" data-id=\"b5f0e39\" data-element_type=\"section\" data-e-type=\"section\" data-settings=\"{&quot;background_background&quot;:&quot;classic&quot;}\">\n\t\t\t\t\t\t<div class=\"elementor-container elementor-column-gap-default\">\n\t\t\t\t\t<div class=\"elementor-column elementor-col-50 elementor-top-column elementor-element elementor-element-5d4756f\" data-id=\"5d4756f\" data-element_type=\"column\" data-e-type=\"column\">\n\t\t\t<div class=\"elementor-widget-wrap elementor-element-populated\">\n\t\t\t\t\t\t<div class=\"elementor-element elementor-element-37393fb elementor-widget elementor-widget-image\" data-id=\"37393fb\" data-element_type=\"widget\" data-e-type=\"widget\" data-widget_type=\"image.default\">\n\t\t\t\t<div class=\"elementor-widget-container\">\n\t\t\t\t\t\t\t\t\t\t\t\t\t\t\t<img decoding=\"async\" width=\"1024\" height=\"683\" src=\"https:\/\/jurikmax.com\/wp-content\/uploads\/2021\/09\/stack-of-money-coin-with-trading-graph-1024x683.jpg\" class=\"attachment-large size-large wp-image-56\" alt=\"\" srcset=\"https:\/\/jurikmax.com\/wp-content\/uploads\/2021\/09\/stack-of-money-coin-with-trading-graph-1024x683.jpg 1024w, https:\/\/jurikmax.com\/wp-content\/uploads\/2021\/09\/stack-of-money-coin-with-trading-graph-300x200.jpg 300w, https:\/\/jurikmax.com\/wp-content\/uploads\/2021\/09\/stack-of-money-coin-with-trading-graph-768x512.jpg 768w, https:\/\/jurikmax.com\/wp-content\/uploads\/2021\/09\/stack-of-money-coin-with-trading-graph-1536x1024.jpg 1536w, https:\/\/jurikmax.com\/wp-content\/uploads\/2021\/09\/stack-of-money-coin-with-trading-graph-2048x1365.jpg 2048w\" sizes=\"(max-width: 1024px) 100vw, 1024px\" \/>\t\t\t\t\t\t\t\t\t\t\t\t\t\t\t<\/div>\n\t\t\t\t<\/div>\n\t\t\t\t\t<\/div>\n\t\t<\/div>\n\t\t\t\t<div class=\"elementor-column elementor-col-50 elementor-top-column elementor-element elementor-element-b477acb\" data-id=\"b477acb\" data-element_type=\"column\" data-e-type=\"column\">\n\t\t\t<div class=\"elementor-widget-wrap elementor-element-populated\">\n\t\t\t\t\t\t<div class=\"elementor-element elementor-element-fb8981d elementor-widget elementor-widget-heading\" data-id=\"fb8981d\" data-element_type=\"widget\" data-e-type=\"widget\" data-widget_type=\"heading.default\">\n\t\t\t\t<div class=\"elementor-widget-container\">\n\t\t\t\t\t<h2 class=\"elementor-heading-title elementor-size-default\">Cobranza Comercial<\/h2>\t\t\t\t<\/div>\n\t\t\t\t<\/div>\n\t\t\t\t<div class=\"elementor-element elementor-element-dea7780 elementor-widget elementor-widget-text-editor\" data-id=\"dea7780\" data-element_type=\"widget\" data-e-type=\"widget\" data-widget_type=\"text-editor.default\">\n\t\t\t\t<div class=\"elementor-widget-container\">\n\t\t\t\t\t\t\t\t\t<p>Consiste en el cobro de grandes vol\u00famenes de facturas, mismas que presentamos a su revisi\u00f3n en la fechas establecidas por sus clientes, procediendo a cobrar el cheque a la fecha del vencimiento del contra recibo y depositarlo el d\u00eda h\u00e1bil siguiente.<\/p>\t\t\t\t\t\t\t\t<\/div>\n\t\t\t\t<\/div>\n\t\t\t\t\t<\/div>\n\t\t<\/div>\n\t\t\t\t\t<\/div>\n\t\t<\/section>\n\t\t\t\t<section class=\"elementor-section elementor-top-section elementor-element elementor-element-c94f5bb elementor-section-boxed elementor-section-height-default elementor-section-height-default\" data-id=\"c94f5bb\" data-element_type=\"section\" data-e-type=\"section\" data-settings=\"{&quot;background_background&quot;:&quot;classic&quot;}\">\n\t\t\t\t\t\t<div class=\"elementor-container elementor-column-gap-default\">\n\t\t\t\t\t<div class=\"elementor-column elementor-col-50 elementor-top-column elementor-element elementor-element-573fda2\" data-id=\"573fda2\" data-element_type=\"column\" data-e-type=\"column\">\n\t\t\t<div class=\"elementor-widget-wrap elementor-element-populated\">\n\t\t\t\t\t\t<div class=\"elementor-element elementor-element-9f0544a elementor-widget elementor-widget-image\" data-id=\"9f0544a\" data-element_type=\"widget\" data-e-type=\"widget\" data-widget_type=\"image.default\">\n\t\t\t\t<div class=\"elementor-widget-container\">\n\t\t\t\t\t\t\t\t\t\t\t\t\t\t\t<img decoding=\"async\" width=\"1024\" height=\"683\" src=\"https:\/\/jurikmax.com\/wp-content\/uploads\/2021\/09\/high-angle-shot-of-gavel-and-scale-on-wooden-surface-1024x683.jpg\" class=\"attachment-large size-large wp-image-70\" alt=\"\" srcset=\"https:\/\/jurikmax.com\/wp-content\/uploads\/2021\/09\/high-angle-shot-of-gavel-and-scale-on-wooden-surface-1024x683.jpg 1024w, https:\/\/jurikmax.com\/wp-content\/uploads\/2021\/09\/high-angle-shot-of-gavel-and-scale-on-wooden-surface-300x200.jpg 300w, https:\/\/jurikmax.com\/wp-content\/uploads\/2021\/09\/high-angle-shot-of-gavel-and-scale-on-wooden-surface-768x512.jpg 768w, https:\/\/jurikmax.com\/wp-content\/uploads\/2021\/09\/high-angle-shot-of-gavel-and-scale-on-wooden-surface-1536x1024.jpg 1536w, https:\/\/jurikmax.com\/wp-content\/uploads\/2021\/09\/high-angle-shot-of-gavel-and-scale-on-wooden-surface-2048x1365.jpg 2048w\" sizes=\"(max-width: 1024px) 100vw, 1024px\" \/>\t\t\t\t\t\t\t\t\t\t\t\t\t\t\t<\/div>\n\t\t\t\t<\/div>\n\t\t\t\t\t<\/div>\n\t\t<\/div>\n\t\t\t\t<div class=\"elementor-column elementor-col-50 elementor-top-column elementor-element elementor-element-fec8a2c\" data-id=\"fec8a2c\" data-element_type=\"column\" data-e-type=\"column\">\n\t\t\t<div class=\"elementor-widget-wrap elementor-element-populated\">\n\t\t\t\t\t\t<div class=\"elementor-element elementor-element-388b7e4 elementor-widget elementor-widget-heading\" data-id=\"388b7e4\" data-element_type=\"widget\" data-e-type=\"widget\" data-widget_type=\"heading.default\">\n\t\t\t\t<div class=\"elementor-widget-container\">\n\t\t\t\t\t<h2 class=\"elementor-heading-title elementor-size-default\">Cobranza Judicial<\/h2>\t\t\t\t<\/div>\n\t\t\t\t<\/div>\n\t\t\t\t<div class=\"elementor-element elementor-element-bca7520 elementor-widget elementor-widget-text-editor\" data-id=\"bca7520\" data-element_type=\"widget\" data-e-type=\"widget\" data-widget_type=\"text-editor.default\">\n\t\t\t\t<div class=\"elementor-widget-container\">\n\t\t\t\t\t\t\t\t\t<p>Este tipo de cobranza es una posibilidad para aquellos clientes que han agotado las gestiones por la v\u00eda cordial, sin tener un resultado favorable, y por lo tanto desean realizar mediante juicio la recuperaci\u00f3n de sus cuentas.<\/p>\t\t\t\t\t\t\t\t<\/div>\n\t\t\t\t<\/div>\n\t\t\t\t\t<\/div>\n\t\t<\/div>\n\t\t\t\t\t<\/div>\n\t\t<\/section>\n\t\t\t\t<section class=\"elementor-section elementor-top-section elementor-element elementor-element-2dedb9e elementor-section-boxed elementor-section-height-default elementor-section-height-default\" data-id=\"2dedb9e\" data-element_type=\"section\" data-e-type=\"section\" data-settings=\"{&quot;background_background&quot;:&quot;classic&quot;}\">\n\t\t\t\t\t\t<div class=\"elementor-container elementor-column-gap-default\">\n\t\t\t\t\t<div class=\"elementor-column elementor-col-50 elementor-top-column elementor-element elementor-element-6a1d0e8\" data-id=\"6a1d0e8\" data-element_type=\"column\" data-e-type=\"column\">\n\t\t\t<div class=\"elementor-widget-wrap elementor-element-populated\">\n\t\t\t\t\t\t<div class=\"elementor-element elementor-element-9abf1df elementor-widget elementor-widget-image\" data-id=\"9abf1df\" data-element_type=\"widget\" data-e-type=\"widget\" data-widget_type=\"image.default\">\n\t\t\t\t<div class=\"elementor-widget-container\">\n\t\t\t\t\t\t\t\t\t\t\t\t\t\t\t<img loading=\"lazy\" decoding=\"async\" width=\"1024\" height=\"683\" src=\"https:\/\/jurikmax.com\/wp-content\/uploads\/2021\/09\/business-partners-celebrating-contract-signing-1024x683.jpg\" class=\"attachment-large size-large wp-image-69\" alt=\"\" srcset=\"https:\/\/jurikmax.com\/wp-content\/uploads\/2021\/09\/business-partners-celebrating-contract-signing-1024x683.jpg 1024w, https:\/\/jurikmax.com\/wp-content\/uploads\/2021\/09\/business-partners-celebrating-contract-signing-300x200.jpg 300w, https:\/\/jurikmax.com\/wp-content\/uploads\/2021\/09\/business-partners-celebrating-contract-signing-768x512.jpg 768w, https:\/\/jurikmax.com\/wp-content\/uploads\/2021\/09\/business-partners-celebrating-contract-signing-1536x1024.jpg 1536w, https:\/\/jurikmax.com\/wp-content\/uploads\/2021\/09\/business-partners-celebrating-contract-signing-2048x1365.jpg 2048w\" sizes=\"(max-width: 1024px) 100vw, 1024px\" \/>\t\t\t\t\t\t\t\t\t\t\t\t\t\t\t<\/div>\n\t\t\t\t<\/div>\n\t\t\t\t\t<\/div>\n\t\t<\/div>\n\t\t\t\t<div class=\"elementor-column elementor-col-50 elementor-top-column elementor-element elementor-element-0ad9d89\" data-id=\"0ad9d89\" data-element_type=\"column\" data-e-type=\"column\">\n\t\t\t<div class=\"elementor-widget-wrap elementor-element-populated\">\n\t\t\t\t\t\t<div class=\"elementor-element elementor-element-5b56545 elementor-widget elementor-widget-heading\" data-id=\"5b56545\" data-element_type=\"widget\" data-e-type=\"widget\" data-widget_type=\"heading.default\">\n\t\t\t\t<div class=\"elementor-widget-container\">\n\t\t\t\t\t<h2 class=\"elementor-heading-title elementor-size-default\">Cobranza Extrajudicial<\/h2>\t\t\t\t<\/div>\n\t\t\t\t<\/div>\n\t\t\t\t<div class=\"elementor-element elementor-element-e931d9e elementor-widget elementor-widget-text-editor\" data-id=\"e931d9e\" data-element_type=\"widget\" data-e-type=\"widget\" data-widget_type=\"text-editor.default\">\n\t\t\t\t<div class=\"elementor-widget-container\">\n\t\t\t\t\t\t\t\t\t<p>Esta se efectuar\u00e1 con cuentas que tienen m\u00e1s de cuatro pagos vencidos y que nuestros clientes ya realizaron gestiones encaminadas a su recuperaci\u00f3n sin el resultado esperado, evitando los largos y costosos procesos jur\u00eddicos.<\/p>\t\t\t\t\t\t\t\t<\/div>\n\t\t\t\t<\/div>\n\t\t\t\t\t<\/div>\n\t\t<\/div>\n\t\t\t\t\t<\/div>\n\t\t<\/section>\n\t\t\t\t<\/div>\n\t\t","protected":false},"excerpt":{"rendered":"<p>Conoce nuestros servicios Cobranza Administrativa Cuando las cuentas tienen de uno a cuatro pagos vencidos, se efect\u00faa este servicio en un\u00a0 periodo de treinta a sesenta d\u00edas, siempre conservando la buena imagen de nuestro cliente mediante gestiones cordiales e insistiendo que una vez cubierto el adeudo se podr\u00e1 seguir gozando del cr\u00e9dito. Cobranza Comercial Consiste [&hellip;]<\/p>\n","protected":false},"author":1,"featured_media":0,"parent":0,"menu_order":0,"comment_status":"closed","ping_status":"closed","template":"","meta":{"site-sidebar-layout":"no-sidebar","site-content-layout":"page-builder","ast-site-content-layout":"default","site-content-style":"default","site-sidebar-style":"default","ast-global-header-display":"","ast-banner-title-visibility":"","ast-main-header-display":"","ast-hfb-above-header-display":"","ast-hfb-below-header-display":"","ast-hfb-mobile-header-display":"","site-post-title":"disabled","ast-breadcrumbs-content":"","ast-featured-img":"disabled","footer-sml-layout":"","ast-disable-related-posts":"","theme-transparent-header-meta":"default","adv-header-id-meta":"","stick-header-meta":"","header-above-stick-meta":"","header-main-stick-meta":"","header-below-stick-meta":"","astra-migrate-meta-layouts":"default","ast-page-background-enabled":"default","ast-page-background-meta":{"desktop":{"background-color":"","background-image":"","background-repeat":"repeat","background-position":"center center","background-size":"auto","background-attachment":"scroll","background-type":"","background-media":"","overlay-type":"","overlay-color":"","overlay-opacity":"","overlay-gradient":""},"tablet":{"background-color":"","background-image":"","background-repeat":"repeat","background-position":"center center","background-size":"auto","background-attachment":"scroll","background-type":"","background-media":"","overlay-type":"","overlay-color":"","overlay-opacity":"","overlay-gradient":""},"mobile":{"background-color":"","background-image":"","background-repeat":"repeat","background-position":"center center","background-size":"auto","background-attachment":"scroll","background-type":"","background-media":"","overlay-type":"","overlay-color":"","overlay-opacity":"","overlay-gradient":""}},"ast-content-background-meta":{"desktop":{"background-color":"var(--ast-global-color-5)","background-image":"","background-repeat":"repeat","background-position":"center center","background-size":"auto","background-attachment":"scroll","background-type":"","background-media":"","overlay-type":"","overlay-color":"","overlay-opacity":"","overlay-gradient":""},"tablet":{"background-color":"var(--ast-global-color-5)","background-image":"","background-repeat":"repeat","background-position":"center center","background-size":"auto","background-attachment":"scroll","background-type":"","background-media":"","overlay-type":"","overlay-color":"","overlay-opacity":"","overlay-gradient":""},"mobile":{"background-color":"var(--ast-global-color-5)","background-image":"","background-repeat":"repeat","background-position":"center center","background-size":"auto","background-attachment":"scroll","background-type":"","background-media":"","overlay-type":"","overlay-color":"","overlay-opacity":"","overlay-gradient":""}},"footnotes":""},"class_list":["post-172","page","type-page","status-publish","hentry"],"_links":{"self":[{"href":"https:\/\/jurikmax.com\/index.php\/wp-json\/wp\/v2\/pages\/172","targetHints":{"allow":["GET"]}}],"collection":[{"href":"https:\/\/jurikmax.com\/index.php\/wp-json\/wp\/v2\/pages"}],"about":[{"href":"https:\/\/jurikmax.com\/index.php\/wp-json\/wp\/v2\/types\/page"}],"author":[{"embeddable":true,"href":"https:\/\/jurikmax.com\/index.php\/wp-json\/wp\/v2\/users\/1"}],"replies":[{"embeddable":true,"href":"https:\/\/jurikmax.com\/index.php\/wp-json\/wp\/v2\/comments?post=172"}],"version-history":[{"count":25,"href":"https:\/\/jurikmax.com\/index.php\/wp-json\/wp\/v2\/pages\/172\/revisions"}],"predecessor-version":[{"id":287,"href":"https:\/\/jurikmax.com\/index.php\/wp-json\/wp\/v2\/pages\/172\/revisions\/287"}],"wp:attachment":[{"href":"https:\/\/jurikmax.com\/index.php\/wp-json\/wp\/v2\/media?parent=172"}],"curies":[{"name":"wp","href":"https:\/\/api.w.org\/{rel}","templated":true}]}}